{"id":165,"date":"2024-09-30T21:21:04","date_gmt":"2024-09-30T21:21:04","guid":{"rendered":"https:\/\/seawaysvillas.com\/?page_id=165"},"modified":"2025-01-04T00:59:35","modified_gmt":"2025-01-04T00:59:35","slug":"about-us","status":"publish","type":"page","link":"https:\/\/seawaysvillas.com\/de\/uber-uns\/","title":{"rendered":"\u00dcber uns"},"content":{"rendered":"<div data-elementor-type=\"wp-page\" data-elementor-id=\"165\" class=\"elementor elementor-165\" data-elementor-post-type=\"page\">\n\t\t\t\t\t\t<section class=\"elementor-section elementor-top-section elementor-element elementor-element-4da01c0e elementor-section-content-middle elementor-section-boxed elementor-section-height-default elementor-section-height-default\" data-id=\"4da01c0e\" data-element_type=\"section\" data-settings=\"{&quot;background_background&quot;:&quot;classic&quot;}\">\n\t\t\t\t\t\t\t<div class=\"elementor-background-overlay\"><\/div>\n\t\t\t\t\t\t\t<div class=\"elementor-container elementor-column-gap-default\">\n\t\t\t\t\t<div class=\"elementor-column elementor-col-50 elementor-top-column elementor-element elementor-element-97457bd\" data-id=\"97457bd\" data-element_type=\"column\">\n\t\t\t<div class=\"elementor-widget-wrap elementor-element-populated\">\n\t\t\t\t\t\t<div class=\"elementor-element elementor-element-3152533a elementor-invisible elementor-widget elementor-widget-heading\" data-id=\"3152533a\" data-element_type=\"widget\" data-settings=\"{&quot;_animation&quot;:&quot;fadeInDown&quot;}\" data-widget_type=\"heading.default\">\n\t\t\t\t<div class=\"elementor-widget-container\">\n\t\t\t<h2 class=\"elementor-heading-title elementor-size-default\">\u00dcBER UNS<\/h2>\t\t<\/div>\n\t\t\t\t<\/div>\n\t\t\t\t\t<\/div>\n\t\t<\/div>\n\t\t\t\t<div class=\"elementor-column elementor-col-50 elementor-top-column elementor-element elementor-element-302083fb\" data-id=\"302083fb\" data-element_type=\"column\">\n\t\t\t<div class=\"elementor-widget-wrap elementor-element-populated\">\n\t\t\t\t\t\t<div class=\"elementor-element elementor-element-368c5f44 elementor-icon-list--layout-inline elementor-align-right elementor-widget__width-auto elementor-list-item-link-full_width elementor-invisible elementor-widget elementor-widget-icon-list\" data-id=\"368c5f44\" data-element_type=\"widget\" data-settings=\"{&quot;_animation&quot;:&quot;fadeInRight&quot;}\" data-widget_type=\"icon-list.default\">\n\t\t\t\t<div class=\"elementor-widget-container\">\n\t\t\t\t\t<ul class=\"elementor-icon-list-items elementor-inline-items\">\n\t\t\t\t\t\t\t<li class=\"elementor-icon-list-item elementor-inline-item\">\n\t\t\t\t\t\t\t\t\t\t\t<a href=\"#\">\n\n\t\t\t\t\t\t\t\t\t\t\t\t<span class=\"elementor-icon-list-icon\">\n\t\t\t\t\t\t\t<i aria-hidden=\"true\" class=\"icomoon icomoon-home\"><\/i>\t\t\t\t\t\t<\/span>\n\t\t\t\t\t\t\t\t\t\t<span class=\"elementor-icon-list-text\">Heim<\/span>\n\t\t\t\t\t\t\t\t\t\t\t<\/a>\n\t\t\t\t\t\t\t\t\t<\/li>\n\t\t\t\t\t\t\t\t<li class=\"elementor-icon-list-item elementor-inline-item\">\n\t\t\t\t\t\t\t\t\t\t\t<span class=\"elementor-icon-list-icon\">\n\t\t\t\t\t\t\t<svg aria-hidden=\"true\" class=\"e-font-icon-svg e-fas-chevron-right\" viewbox=\"0 0 320 512\" xmlns=\"http:\/\/www.w3.org\/2000\/svg\"><path d=\"M285.476 272.971L91.132 467.314c-9.373 9.373-24.569 9.373-33.941 0l-22.667-22.667c-9.357-9.357-9.375-24.522-.04-33.901L188.505 256 34.484 101.255c-9.335-9.379-9.317-24.544.04-33.901l22.667-22.667c9.373-9.373 24.569-9.373 33.941 0L285.475 239.03c9.373 9.372 9.373 24.568.001 33.941z\"><\/path><\/svg>\t\t\t\t\t\t<\/span>\n\t\t\t\t\t\t\t\t\t\t<span class=\"elementor-icon-list-text\">\u00dcber uns<\/span>\n\t\t\t\t\t\t\t\t\t<\/li>\n\t\t\t\t\t\t<\/ul>\n\t\t\t\t<\/div>\n\t\t\t\t<\/div>\n\t\t\t\t\t<\/div>\n\t\t<\/div>\n\t\t\t\t\t<\/div>\n\t\t<\/section>\n\t\t\t\t<section class=\"elementor-section elementor-top-section elementor-element elementor-element-9d5d3be elementor-section-boxed elementor-section-height-default elementor-section-height-default\" data-id=\"9d5d3be\" data-element_type=\"section\" data-settings=\"{&quot;background_background&quot;:&quot;classic&quot;}\">\n\t\t\t\t\t\t\t<div class=\"elementor-background-overlay\"><\/div>\n\t\t\t\t\t\t\t<div class=\"elementor-container elementor-column-gap-default\">\n\t\t\t\t\t<div class=\"elementor-column elementor-col-100 elementor-top-column elementor-element elementor-element-3ed9e8d0\" data-id=\"3ed9e8d0\" data-element_type=\"column\">\n\t\t\t<div class=\"elementor-widget-wrap elementor-element-populated\">\n\t\t\t\t\t\t<div class=\"elementor-element elementor-element-19e92b23 elementor-widget elementor-widget-text-editor\" data-id=\"19e92b23\" data-element_type=\"widget\" data-widget_type=\"text-editor.default\">\n\t\t\t\t<div class=\"elementor-widget-container\">\n\t\t\t\t\t\t\t<h1 style=\"text-align: left;\">Ihr zuverl\u00e4ssiger Partner in der Immobilienverwaltung<\/h1><p style=\"text-align: left;\">Willkommen bei <strong>Seaways Villas<\/strong>, eine dynamische Tourismusagentur, die 2020 gegr\u00fcndet wurde. Unsere Mission ist einfach: die Bed\u00fcrfnisse der Villenbesitzer mit der wachsenden Zahl von Touristen zu verbinden, die Istrien als Reiseziel w\u00e4hlen. Mit modernen Marketingstrategien, fortschrittlicher Software und praktischer Erfahrung vor Ort wollen wir das f\u00fchrende Immobilienverwaltungsunternehmen in Istrien werden.<\/p><h3 style=\"text-align: left;\">Leidenschaft, mehrsprachige Expertise und Liebe zum Detail<\/h3><p style=\"text-align: left;\">Was uns auszeichnet? Ein engagiertes, mehrsprachiges Team mit vielf\u00e4ltigen F\u00e4higkeiten und einer gemeinsamen Leidenschaft f\u00fcr Gastfreundschaft. Unsere Liebe zum Detail und unser Engagement f\u00fcr Spitzenleistungen haben unser Wachstum Jahr f\u00fcr Jahr vorangetrieben. Wir glauben, dass Erfolg auf harter Arbeit, starken Beziehungen und dem Antrieb beruht, sowohl Immobilienbesitzern als auch Touristen den bestm\u00f6glichen Service zu bieten.<\/p><h3 style=\"text-align: left;\">Ein sorgenfreies Erlebnis f\u00fcr Villenbesitzer<\/h3><p style=\"text-align: left;\">Bei <strong>Seaways Villas<\/strong>Unsere Vision ist es, die erste Adresse f\u00fcr Villenbesitzer in Istrien zu sein. Wir bieten einen umfassenden, stressfreien Service, der alles abdeckt \u2013 von der t\u00e4glichen Immobilienverwaltung bis hin zu reibungslosen Buchungen. Wir m\u00f6chten, dass unsere Kunden den vollen Nutzen aus ihrer Investition ziehen, ohne sich darum zu k\u00fcmmern. Unser Ziel ist nicht nur, einen Service anzubieten; es geht darum, dauerhafte Partnerschaften aufzubauen, die auf Vertrauen, Transparenz und gemeinsamem Erfolg basieren.<\/p><h3 style=\"text-align: left;\">Transparente und faire Verg\u00fctung<\/h3><p style=\"text-align: left;\">Wir glauben an einen klaren und unkomplizierten Ansatz, wenn es um die Verg\u00fctung geht. Unsere Einnahmen basieren auf einem Gewinnbeteiligungsmodell, was bedeutet, dass wir dasselbe Ziel wie die Villenbesitzer verfolgen: die Maximierung der Einnahmen aus ihrem Eigentum. Ehrlichkeit und Transparenz stehen im Mittelpunkt jeder Beziehung, die wir aufbauen, denn wir wissen, dass wahrer Erfolg entsteht, wenn wir gemeinsam auf ein gemeinsames Ziel hinarbeiten.<\/p><h3 style=\"text-align: left;\">Warum uns w\u00e4hlen?<\/h3><p style=\"text-align: left;\"><strong>Moderne Marketingkompetenz:<\/strong> Nutzen Sie die neuesten Tools und Strategien zur Vermarktung Ihrer Immobilie.<\/p><p style=\"text-align: left;\"><strong>Umfassende Leistungen:<\/strong> Vom t\u00e4glichen Management bis zu den Buchungen k\u00fcmmern wir uns um jedes Detail.<\/p><p style=\"text-align: left;\"><strong>Mehrsprachiges Team:<\/strong> Reibungslose Kommunikation mit Kunden und Touristen aus aller Welt.<\/p><p style=\"text-align: left;\"><strong>Engagement f\u00fcr den Erfolg:<\/strong> Wir arbeiten unerm\u00fcdlich daran, die Ertr\u00e4ge aus Ihrer Immobilie zu steigern. Dabei stehen Ihre Ziele immer im Vordergrund.<\/p><h3 style=\"text-align: left;\">Sch\u00f6pfen Sie das Potenzial<\/h3><p style=\"text-align: left;\">Wir helfen Ihnen, das volle Potenzial Ihrer Villa auszusch\u00f6pfen. Kontaktieren Sie uns noch heute und erfahren Sie, wie wir Ihre Immobilie zu einem Top-Reiseziel in Istrien machen k\u00f6nnen!<\/p>\t\t\t\t\t\t<\/div>\n\t\t\t\t<\/div>\n\t\t\t\t<div class=\"elementor-element elementor-element-85c5e42 elementor-tablet-align-center elementor-align-center elementor-widget elementor-widget-button\" data-id=\"85c5e42\" data-element_type=\"widget\" data-widget_type=\"button.default\">\n\t\t\t\t<div class=\"elementor-widget-container\">\n\t\t\t\t\t<div class=\"elementor-button-wrapper\">\n\t\t\t<a class=\"elementor-button elementor-button-link elementor-size-sm\" href=\"https:\/\/seawaysvillas.com\/de\/kontaktiere-uns\/\">\n\t\t\t\t\t\t<span class=\"elementor-button-content-wrapper\">\n\t\t\t\t\t\t\t\t\t<span class=\"elementor-button-text\">Kontaktiere uns<\/span>\n\t\t\t\t\t<\/span>\n\t\t\t\t\t<\/a>\n\t\t<\/div>\n\t\t\t\t<\/div>\n\t\t\t\t<\/div>\n\t\t\t\t\t<\/div>\n\t\t<\/div>\n\t\t\t\t\t<\/div>\n\t\t<\/section>\n\t\t\t\t<section class=\"elementor-section elementor-top-section elementor-element elementor-element-7ee00c90 elementor-section-full_width elementor-section-height-default elementor-section-height-default\" data-id=\"7ee00c90\" data-element_type=\"section\" data-settings=\"{&quot;background_background&quot;:&quot;classic&quot;}\">\n\t\t\t\t\t\t<div class=\"elementor-container elementor-column-gap-default\">\n\t\t\t\t\t<div class=\"elementor-column elementor-col-50 elementor-top-column elementor-element elementor-element-84581af\" data-id=\"84581af\" data-element_type=\"column\">\n\t\t\t<div class=\"elementor-widget-wrap elementor-element-populated\">\n\t\t\t\t\t\t<section class=\"elementor-section elementor-inner-section elementor-element elementor-element-12bc2c92 elementor-section-boxed elementor-section-height-default elementor-section-height-default elementor-invisible\" data-id=\"12bc2c92\" data-element_type=\"section\" data-settings=\"{&quot;animation&quot;:&quot;fadeInLeft&quot;,&quot;background_background&quot;:&quot;classic&quot;}\">\n\t\t\t\t\t\t<div class=\"elementor-container elementor-column-gap-no\">\n\t\t\t\t\t<div class=\"elementor-column elementor-col-50 elementor-inner-column elementor-element elementor-element-2f3bcd4\" data-id=\"2f3bcd4\" data-element_type=\"column\">\n\t\t\t<div class=\"elementor-widget-wrap elementor-element-populated\">\n\t\t\t\t\t\t<div class=\"elementor-element elementor-element-2731cbe2 elementor-widget elementor-widget-image\" data-id=\"2731cbe2\" data-element_type=\"widget\" data-widget_type=\"image.default\">\n\t\t\t\t<div class=\"elementor-widget-container\">\n\t\t\t\t\t\t\t\t\t\t\t\t\t<img fetchpriority=\"high\" decoding=\"async\" width=\"999\" height=\"799\" src=\"https:\/\/seawaysvillas.com\/wp-content\/uploads\/2025\/01\/IMG_0764.webp\" class=\"attachment-full size-full wp-image-832\" alt=\"\" srcset=\"https:\/\/seawaysvillas.com\/wp-content\/uploads\/2025\/01\/IMG_0764.webp 999w, https:\/\/seawaysvillas.com\/wp-content\/uploads\/2025\/01\/IMG_0764-300x240.webp 300w, https:\/\/seawaysvillas.com\/wp-content\/uploads\/2025\/01\/IMG_0764-768x614.webp 768w, https:\/\/seawaysvillas.com\/wp-content\/uploads\/2025\/01\/IMG_0764-15x12.webp 15w\" sizes=\"(max-width: 999px) 100vw, 999px\" \/>\t\t\t\t\t\t\t\t\t\t\t\t\t<\/div>\n\t\t\t\t<\/div>\n\t\t\t\t\t<\/div>\n\t\t<\/div>\n\t\t\t\t<div class=\"elementor-column elementor-col-50 elementor-inner-column elementor-element elementor-element-4be25340\" data-id=\"4be25340\" data-element_type=\"column\">\n\t\t\t<div class=\"elementor-widget-wrap elementor-element-populated\">\n\t\t\t\t\t\t<div class=\"elementor-element elementor-element-3aaa86e5 elementor-widget elementor-widget-elementskit-heading\" data-id=\"3aaa86e5\" data-element_type=\"widget\" data-widget_type=\"elementskit-heading.default\">\n\t\t\t\t<div class=\"elementor-widget-container\">\n\t\t\t<div class=\"ekit-wid-con\" ><div class=\"ekit-heading elementskit-section-title-wraper text_left   ekit_heading_tablet-   ekit_heading_mobile-\"><h2 class=\"ekit-heading--title elementskit-section-title\">Daniel<\/h2>\t\t\t\t<div class='ekit-heading__description'>\n\t\t\t\t\t<p>Direktor\/Mitinhaber<\/p>\n\t\t\t\t<\/div>\n\t\t\t<\/div><\/div>\t\t<\/div>\n\t\t\t\t<\/div>\n\t\t\t\t<div class=\"elementor-element elementor-element-7b345c65 elementor-widget-divider--view-line elementor-widget elementor-widget-divider\" data-id=\"7b345c65\" data-element_type=\"widget\" data-widget_type=\"divider.default\">\n\t\t\t\t<div class=\"elementor-widget-container\">\n\t\t\t\t\t<div class=\"elementor-divider\">\n\t\t\t<span class=\"elementor-divider-separator\">\n\t\t\t\t\t\t<\/span>\n\t\t<\/div>\n\t\t\t\t<\/div>\n\t\t\t\t<\/div>\n\t\t\t\t<div class=\"elementor-element elementor-element-65bc9023 elementor-widget elementor-widget-text-editor\" data-id=\"65bc9023\" data-element_type=\"widget\" data-widget_type=\"text-editor.default\">\n\t\t\t\t<div class=\"elementor-widget-container\">\n\t\t\t\t\t\t\t<p>Danilo verf\u00fcgt \u00fcber umfangreiche Erfahrung im Tourismus und Immobilienmanagement und war Mitbegr\u00fcnder des Unternehmens, um Villenbesitzern und G\u00e4sten erstklassigen Service zu bieten. Seine strategische Vision und sein unerm\u00fcdliches Engagement f\u00fchrten das Team zum Erfolg und zu au\u00dfergew\u00f6hnlicher Kundenzufriedenheit.<\/p>\t\t\t\t\t\t<\/div>\n\t\t\t\t<\/div>\n\t\t\t\t\t<\/div>\n\t\t<\/div>\n\t\t\t\t\t<\/div>\n\t\t<\/section>\n\t\t\t\t\t<\/div>\n\t\t<\/div>\n\t\t\t\t<div class=\"elementor-column elementor-col-50 elementor-top-column elementor-element elementor-element-4ca7a3b6\" data-id=\"4ca7a3b6\" data-element_type=\"column\">\n\t\t\t<div class=\"elementor-widget-wrap elementor-element-populated\">\n\t\t\t\t\t\t<section class=\"elementor-section elementor-inner-section elementor-element elementor-element-8c7c0f1 elementor-section-boxed elementor-section-height-default elementor-section-height-default elementor-invisible\" data-id=\"8c7c0f1\" data-element_type=\"section\" data-settings=\"{&quot;animation&quot;:&quot;fadeInLeft&quot;,&quot;background_background&quot;:&quot;classic&quot;}\">\n\t\t\t\t\t\t<div class=\"elementor-container elementor-column-gap-no\">\n\t\t\t\t\t<div class=\"elementor-column elementor-col-50 elementor-inner-column elementor-element elementor-element-6255e6c4\" data-id=\"6255e6c4\" data-element_type=\"column\">\n\t\t\t<div class=\"elementor-widget-wrap elementor-element-populated\">\n\t\t\t\t\t\t<div class=\"elementor-element elementor-element-68bc0e40 elementor-widget elementor-widget-image\" data-id=\"68bc0e40\" data-element_type=\"widget\" data-widget_type=\"image.default\">\n\t\t\t\t<div class=\"elementor-widget-container\">\n\t\t\t\t\t\t\t\t\t\t\t\t\t<img decoding=\"async\" width=\"1000\" height=\"800\" src=\"https:\/\/seawaysvillas.com\/wp-content\/uploads\/2025\/01\/IMG_908.webp\" class=\"attachment-full size-full wp-image-831\" alt=\"\" srcset=\"https:\/\/seawaysvillas.com\/wp-content\/uploads\/2025\/01\/IMG_908.webp 1000w, https:\/\/seawaysvillas.com\/wp-content\/uploads\/2025\/01\/IMG_908-300x240.webp 300w, https:\/\/seawaysvillas.com\/wp-content\/uploads\/2025\/01\/IMG_908-768x614.webp 768w, https:\/\/seawaysvillas.com\/wp-content\/uploads\/2025\/01\/IMG_908-15x12.webp 15w\" sizes=\"(max-width: 1000px) 100vw, 1000px\" \/>\t\t\t\t\t\t\t\t\t\t\t\t\t<\/div>\n\t\t\t\t<\/div>\n\t\t\t\t\t<\/div>\n\t\t<\/div>\n\t\t\t\t<div class=\"elementor-column elementor-col-50 elementor-inner-column elementor-element elementor-element-604e9bc\" data-id=\"604e9bc\" data-element_type=\"column\">\n\t\t\t<div class=\"elementor-widget-wrap elementor-element-populated\">\n\t\t\t\t\t\t<div class=\"elementor-element elementor-element-47843f2 elementor-widget elementor-widget-elementskit-heading\" data-id=\"47843f2\" data-element_type=\"widget\" data-widget_type=\"elementskit-heading.default\">\n\t\t\t\t<div class=\"elementor-widget-container\">\n\t\t\t<div class=\"ekit-wid-con\" ><div class=\"ekit-heading elementskit-section-title-wraper text_left   ekit_heading_tablet-   ekit_heading_mobile-\"><h2 class=\"ekit-heading--title elementskit-section-title\">Maja<\/h2>\t\t\t\t<div class='ekit-heading__description'>\n\t\t\t\t\t<p>Immobilienverwalter<\/p>\n\t\t\t\t<\/div>\n\t\t\t<\/div><\/div>\t\t<\/div>\n\t\t\t\t<\/div>\n\t\t\t\t<div class=\"elementor-element elementor-element-681dd0b9 elementor-widget-divider--view-line elementor-widget elementor-widget-divider\" data-id=\"681dd0b9\" data-element_type=\"widget\" data-widget_type=\"divider.default\">\n\t\t\t\t<div class=\"elementor-widget-container\">\n\t\t\t\t\t<div class=\"elementor-divider\">\n\t\t\t<span class=\"elementor-divider-separator\">\n\t\t\t\t\t\t<\/span>\n\t\t<\/div>\n\t\t\t\t<\/div>\n\t\t\t\t<\/div>\n\t\t\t\t<div class=\"elementor-element elementor-element-62e3edc9 elementor-widget elementor-widget-text-editor\" data-id=\"62e3edc9\" data-element_type=\"widget\" data-widget_type=\"text-editor.default\">\n\t\t\t\t<div class=\"elementor-widget-container\">\n\t\t\t\t\t\t\t<p>Mit ihrer ausgepr\u00e4gten Liebe zum Detail und ihrer Liebe zur Gastfreundschaft garantiert Maja, dass jede Villa perfekt f\u00fcr die G\u00e4ste vorbereitet ist. Sie kommuniziert mit den G\u00e4sten, verwaltet den t\u00e4glichen Betrieb und h\u00e4lt die h\u00f6chsten Wartungsstandards ein, um einen reibungslosen, einladenden und komfortablen Aufenthalt zu gew\u00e4hrleisten.<\/p>\t\t\t\t\t\t<\/div>\n\t\t\t\t<\/div>\n\t\t\t\t\t<\/div>\n\t\t<\/div>\n\t\t\t\t\t<\/div>\n\t\t<\/section>\n\t\t\t\t\t<\/div>\n\t\t<\/div>\n\t\t\t\t\t<\/div>\n\t\t<\/section>\n\t\t\t\t<\/div>","protected":false},"excerpt":{"rendered":"<p>ABOUT US Home About us Your Trusted Partner in Property Management Welcome to Seaways Villas, a dynamic tourism agency founded in 2020. Our mission is simple: to connect the needs of villa owners with the growing number of tourists who choose Istria as their destination. With modern marketing strategies, advanced software, and hands-on field experience, [&hellip;]<\/p>","protected":false},"author":1,"featured_media":252,"parent":0,"menu_order":0,"comment_status":"closed","ping_status":"closed","template":"elementor_header_footer","meta":{"footnotes":""},"class_list":["post-165","page","type-page","status-publish","has-post-thumbnail","hentry"],"_links":{"self":[{"href":"https:\/\/seawaysvillas.com\/de\/wp-json\/wp\/v2\/pages\/165","targetHints":{"allow":["GET"]}}],"collection":[{"href":"https:\/\/seawaysvillas.com\/de\/wp-json\/wp\/v2\/pages"}],"about":[{"href":"https:\/\/seawaysvillas.com\/de\/wp-json\/wp\/v2\/types\/page"}],"author":[{"embeddable":true,"href":"https:\/\/seawaysvillas.com\/de\/wp-json\/wp\/v2\/users\/1"}],"replies":[{"embeddable":true,"href":"https:\/\/seawaysvillas.com\/de\/wp-json\/wp\/v2\/comments?post=165"}],"version-history":[{"count":67,"href":"https:\/\/seawaysvillas.com\/de\/wp-json\/wp\/v2\/pages\/165\/revisions"}],"predecessor-version":[{"id":836,"href":"https:\/\/seawaysvillas.com\/de\/wp-json\/wp\/v2\/pages\/165\/revisions\/836"}],"wp:featuredmedia":[{"embeddable":true,"href":"https:\/\/seawaysvillas.com\/de\/wp-json\/wp\/v2\/media\/252"}],"wp:attachment":[{"href":"https:\/\/seawaysvillas.com\/de\/wp-json\/wp\/v2\/media?parent=165"}],"curies":[{"name":"wp","href":"https:\/\/api.w.org\/{rel}","templated":true}]}}