{"id":677,"date":"2024-10-11T19:36:32","date_gmt":"2024-10-11T19:36:32","guid":{"rendered":"https:\/\/seawaysvillas.com\/?page_id=677"},"modified":"2024-10-11T19:36:34","modified_gmt":"2024-10-11T19:36:34","slug":"cookie-policy","status":"publish","type":"page","link":"https:\/\/seawaysvillas.com\/de\/cookie-richtlinie\/","title":{"rendered":"Cookie-Richtlinie"},"content":{"rendered":"<div data-elementor-type=\"wp-page\" data-elementor-id=\"677\" class=\"elementor elementor-677\" data-elementor-post-type=\"page\">\n\t\t\t\t<div class=\"elementor-element elementor-element-93e83dd e-flex e-con-boxed e-con e-parent\" data-id=\"93e83dd\" data-element_type=\"container\">\n\t\t\t\t\t<div class=\"e-con-inner\">\n\t\t\t\t<div class=\"elementor-element elementor-element-9b41c8e elementor-widget elementor-widget-text-editor\" data-id=\"9b41c8e\" data-element_type=\"widget\" data-widget_type=\"text-editor.default\">\n\t\t\t\t<div class=\"elementor-widget-container\">\n\t\t\t\t\t\t\t<h2><b>Cookie-Richtlinie<\/b><\/h2><h3><b>Einf\u00fchrung<\/b><\/h3><p><span style=\"font-weight: 400;\">Diese Cookie-Richtlinie erl\u00e4utert, wie Seaways Villas doo (\u201ewir\u201c, \u201euns\u201c oder \u201eunser\u201c) Cookies und \u00e4hnliche Technologien verwendet, um Sie wiederzuerkennen, wenn Sie unsere Website seawaysvillas.com (\u201eWebsite\u201c) besuchen. Sie erl\u00e4utert, was diese Technologien sind, warum wir sie verwenden und welche Rechte Sie haben, ihre Verwendung zu kontrollieren.<\/span><\/p><p><span style=\"font-weight: 400;\">Indem Sie weiter auf unserer Website surfen oder diese verwenden, stimmen Sie der Verwendung von Cookies zu, wie in dieser Richtlinie beschrieben.<\/span><\/p><h3><b>1. Was sind Cookies?<\/b><\/h3><p><span style=\"font-weight: 400;\">Cookies sind kleine Textdateien, die auf Ihrem Ger\u00e4t (Computer, Tablet, Smartphone) gespeichert werden, wenn Sie eine Website besuchen. Sie helfen Websites dabei, sich bestimmte Informationen \u00fcber Ihren Besuch zu merken, wie z. B. Ihre bevorzugte Sprache, um Ihren n\u00e4chsten Besuch einfacher und n\u00fctzlicher zu gestalten.<\/span><\/p><p><span style=\"font-weight: 400;\">Es gibt zwei Haupttypen von Cookies:<\/span><\/p><ul><li style=\"font-weight: 400;\" aria-level=\"1\"><b>Sitzungscookies<\/b><span style=\"font-weight: 400;\">: Tempor\u00e4re Cookies, die gel\u00f6scht werden, wenn Sie Ihren Browser schlie\u00dfen.<\/span><\/li><li style=\"font-weight: 400;\" aria-level=\"1\"><b>Dauerhafte Cookies<\/b><span style=\"font-weight: 400;\">: Cookies, die f\u00fcr einen festgelegten Zeitraum oder bis Sie sie l\u00f6schen auf Ihrem Ger\u00e4t verbleiben.<\/span><\/li><\/ul><h3><b>2. Warum wir Cookies verwenden<\/b><\/h3><p><span style=\"font-weight: 400;\">Wir verwenden Cookies aus mehreren Gr\u00fcnden:<\/span><\/p><ul><li style=\"font-weight: 400;\" aria-level=\"1\"><b>Notwendige Cookies<\/b><span style=\"font-weight: 400;\">: Diese sind erforderlich, um Ihnen die auf unserer Website verf\u00fcgbaren Dienste zur Verf\u00fcgung zu stellen und einige ihrer Funktionen zu nutzen. Ohne diese Cookies w\u00fcrden einige Teile der Website nicht ordnungsgem\u00e4\u00df funktionieren.<\/span><\/li><li style=\"font-weight: 400;\" aria-level=\"1\"><b>Leistungs-Cookies<\/b><span style=\"font-weight: 400;\">: Diese Cookies helfen uns zu verstehen, wie Besucher mit unserer Website interagieren, indem sie Informationen anonym sammeln und melden. Sie erm\u00f6glichen es uns, das Benutzererlebnis und die Leistung der Website zu verbessern.<\/span><\/li><li style=\"font-weight: 400;\" aria-level=\"1\"><b>Funktionelle Cookies<\/b><span style=\"font-weight: 400;\">: Diese Cookies erm\u00f6glichen es der Website, Ihre Auswahl (z. B. Spracheinstellungen) zu speichern und erweiterte Funktionen bereitzustellen, um Ihr Erlebnis zu verbessern.<\/span><\/li><li style=\"font-weight: 400;\" aria-level=\"1\"><b>Cookies f\u00fcr Marketingzwecke<\/b><span style=\"font-weight: 400;\">: Diese Cookies werden verwendet, um Ihnen Werbung zu liefern, die f\u00fcr Sie und Ihre Interessen relevanter ist. Sie begrenzen auch die H\u00e4ufigkeit, mit der Sie eine Anzeige sehen, und helfen dabei, die Wirksamkeit von Werbekampagnen zu messen.<\/span><\/li><\/ul><h3><b>3. Arten von Cookies, die wir verwenden<\/b><\/h3><table><tbody><tr><td><p><b>Cookie-Typ<\/b><\/p><\/td><td><p><b>Zweck<\/b><\/p><\/td><td><p><b>Dauer<\/b><\/p><\/td><\/tr><tr><td><p><b>Notwendige Cookies<\/b><\/p><\/td><td><p><span style=\"font-weight: 400;\">Sicherstellen der Funktionalit\u00e4t der Website (z. B. Anmeldung, Warenkorb)<\/span><\/p><\/td><td><p><span style=\"font-weight: 400;\">Sitzung oder dauerhaft<\/span><\/p><\/td><\/tr><tr><td><p><b>Leistungs-Cookies<\/b><\/p><\/td><td><p><span style=\"font-weight: 400;\">Sammeln Sie anonyme Daten f\u00fcr Nutzungsanalysen und Leistungsverbesserungen<\/span><\/p><\/td><td><p><span style=\"font-weight: 400;\">Hartn\u00e4ckig<\/span><\/p><\/td><\/tr><tr><td><p><b>Funktionelle Cookies<\/b><\/p><\/td><td><p><span style=\"font-weight: 400;\">Merken Ihrer Einstellungen und Pr\u00e4ferenzen (z. B. Sprache, Region)<\/span><\/p><\/td><td><p><span style=\"font-weight: 400;\">Hartn\u00e4ckig<\/span><\/p><\/td><\/tr><tr><td><p><b>Cookies f\u00fcr Marketingzwecke<\/b><\/p><\/td><td><p><span style=\"font-weight: 400;\">Verfolgen Sie das Surfverhalten, um personalisierte Werbung bereitzustellen<\/span><\/p><\/td><td><p><span style=\"font-weight: 400;\">Hartn\u00e4ckig<\/span><\/p><\/td><\/tr><\/tbody><\/table><h3><b>4. Cookies von Drittanbietern<\/b><\/h3><p><span style=\"font-weight: 400;\">Zus\u00e4tzlich zu unseren eigenen Cookies k\u00f6nnen wir auch Cookies von Drittanbietern (beispielsweise von Google Analytics, Facebook oder anderen Werbetreibenden) verwenden, um Nutzungsstatistiken der Website zu melden, Werbung bereitzustellen und das Benutzerverhalten auf verschiedenen Plattformen zu verstehen.<\/span><\/p><p><span style=\"font-weight: 400;\">F\u00fcr Cookies von Drittanbietern gelten die jeweiligen Datenschutzrichtlinien dieser externen Dienste.<\/span><\/p><h3><b>5. Cookie-Zustimmung<\/b><\/h3><p><span style=\"font-weight: 400;\">Wenn Sie unsere Website zum ersten Mal besuchen, sehen Sie ein <\/span><b>Cookie-Einwilligungsbanner<\/b><span style=\"font-weight: 400;\"> die Sie \u00fcber die Verwendung von Cookies informiert. Sie k\u00f6nnen w\u00e4hlen zwischen:<\/span><\/p><ul><li style=\"font-weight: 400;\" aria-level=\"1\"><b>Alle Cookies akzeptieren<\/b><span style=\"font-weight: 400;\">: Erm\u00f6glicht uns, alle Arten von Cookies auf Ihrem Ger\u00e4t zu platzieren.<\/span><\/li><li style=\"font-weight: 400;\" aria-level=\"1\"><b>Alle nicht notwendigen Cookies ablehnen<\/b><span style=\"font-weight: 400;\">: Es werden nur unbedingt erforderliche Cookies gesetzt, die f\u00fcr das Funktionieren der Website erforderlich sind.<\/span><\/li><li style=\"font-weight: 400;\" aria-level=\"1\"><b>Cookie-Einstellungen anpassen<\/b><span style=\"font-weight: 400;\">: W\u00e4hlen Sie je nach Ihren Pr\u00e4ferenzen die Cookie-Arten aus, denen Sie zustimmen m\u00f6chten.<\/span><\/li><\/ul><p><span style=\"font-weight: 400;\">Sie k\u00f6nnen Ihre Einwilligung auch jederzeit widerrufen, indem Sie Ihre Cookie-Einstellungen \u00fcber unsere <\/span><b>Cookie-Einwilligungstool<\/b><span style=\"font-weight: 400;\"> oder \u00fcber Ihre Browsereinstellungen.<\/span><\/p><h3><b>6. So kontrollieren Sie Cookies<\/b><\/h3><p><span style=\"font-weight: 400;\">Sie k\u00f6nnen Cookies auf verschiedene Weise kontrollieren und verwalten:<\/span><\/p><ul><li style=\"font-weight: 400;\" aria-level=\"1\"><b>Browsereinstellungen<\/b><span style=\"font-weight: 400;\">: Die meisten Webbrowser erm\u00f6glichen es Ihnen, Cookie-Einstellungen \u00fcber ihre Einstellungen zu verwalten. Sie k\u00f6nnen Cookies blockieren oder l\u00f6schen. Beachten Sie jedoch, dass dies Ihre Erfahrung auf unserer Website beeintr\u00e4chtigen kann.<\/span><\/li><li style=\"font-weight: 400;\" aria-level=\"1\"><b>Opt-Out durch Drittanbieter<\/b><span style=\"font-weight: 400;\">: Sie k\u00f6nnen gezielte Werbung von Netzwerken Dritter, wie z.\u00a0B. Google und Facebook, deaktivieren, indem Sie deren Deaktivierungsseiten besuchen.<\/span><\/li><li style=\"font-weight: 400;\" aria-level=\"1\"><b>Cookie-Einwilligungstool<\/b><span style=\"font-weight: 400;\">: Sie k\u00f6nnen Ihre Einstellungen jederzeit \u00e4ndern oder Ihre Einwilligung widerrufen \u00fcber unsere <\/span><b>Cookie-Einwilligungstool<\/b><span style=\"font-weight: 400;\"> befindet sich auf der Website.<\/span><\/li><\/ul><h3><b>7. Aktualisierungen dieser Cookie-Richtlinie<\/b><\/h3><p><span style=\"font-weight: 400;\">Wir k\u00f6nnen diese Cookie-Richtlinie von Zeit zu Zeit aktualisieren, um \u00c4nderungen in Technologie, Recht oder Gesch\u00e4ftsbetrieb zu ber\u00fccksichtigen. Die aktualisierte Richtlinie wird auf dieser Seite ver\u00f6ffentlicht und alle wesentlichen \u00c4nderungen werden Ihnen per E-Mail oder durch einen Hinweis auf unserer Website mitgeteilt.<\/span><\/p><h3><b>8. Kontaktieren Sie uns<\/b><\/h3><p><span style=\"font-weight: 400;\">Wenn Sie Fragen zu unserer Verwendung von Cookies oder anderen Technologien haben, kontaktieren Sie uns bitte:<\/span><\/p><p><b>Seaways Villas doo<\/b><b><br \/><\/b><span style=\"font-weight: 400;\">E-Mail: hello@seawaysvillas.com<\/span><span style=\"font-weight: 400;\"><br \/><\/span><span style=\"font-weight: 400;\">Adresse: Pusta 5\/A, Rovinj, Kroatien<\/span><\/p>\t\t\t\t\t\t<\/div>\n\t\t\t\t<\/div>\n\t\t\t\t\t<\/div>\n\t\t\t\t<\/div>\n\t\t\t\t<\/div>","protected":false},"excerpt":{"rendered":"<p>Cookie Policy Introduction This Cookie Policy explains how Seaways Villas d.o.o. (&#8220;we&#8221;, &#8220;us&#8221;, or &#8220;our&#8221;) uses cookies and similar technologies to recognize you when you visit our website, seawaysvillas.com (&#8220;Website&#8221;). It explains what these technologies are, why we use them, and your rights to control their use. By continuing to browse or use our Website, [&hellip;]<\/p>","protected":false},"author":1,"featured_media":0,"parent":0,"menu_order":0,"comment_status":"closed","ping_status":"closed","template":"elementor_header_footer","meta":{"footnotes":""},"class_list":["post-677","page","type-page","status-publish","hentry"],"_links":{"self":[{"href":"https:\/\/seawaysvillas.com\/de\/wp-json\/wp\/v2\/pages\/677","targetHints":{"allow":["GET"]}}],"collection":[{"href":"https:\/\/seawaysvillas.com\/de\/wp-json\/wp\/v2\/pages"}],"about":[{"href":"https:\/\/seawaysvillas.com\/de\/wp-json\/wp\/v2\/types\/page"}],"author":[{"embeddable":true,"href":"https:\/\/seawaysvillas.com\/de\/wp-json\/wp\/v2\/users\/1"}],"replies":[{"embeddable":true,"href":"https:\/\/seawaysvillas.com\/de\/wp-json\/wp\/v2\/comments?post=677"}],"version-history":[{"count":4,"href":"https:\/\/seawaysvillas.com\/de\/wp-json\/wp\/v2\/pages\/677\/revisions"}],"predecessor-version":[{"id":681,"href":"https:\/\/seawaysvillas.com\/de\/wp-json\/wp\/v2\/pages\/677\/revisions\/681"}],"wp:attachment":[{"href":"https:\/\/seawaysvillas.com\/de\/wp-json\/wp\/v2\/media?parent=677"}],"curies":[{"name":"wp","href":"https:\/\/api.w.org\/{rel}","templated":true}]}}