{"id":165,"date":"2024-09-30T21:21:04","date_gmt":"2024-09-30T21:21:04","guid":{"rendered":"https:\/\/seawaysvillas.com\/?page_id=165"},"modified":"2025-01-04T00:59:35","modified_gmt":"2025-01-04T00:59:35","slug":"about-us","status":"publish","type":"page","link":"https:\/\/seawaysvillas.com\/hr\/o-nama\/","title":{"rendered":"O nama"},"content":{"rendered":"<div data-elementor-type=\"wp-page\" data-elementor-id=\"165\" class=\"elementor elementor-165\" data-elementor-post-type=\"page\">\n\t\t\t\t\t\t<section class=\"elementor-section elementor-top-section elementor-element elementor-element-4da01c0e elementor-section-content-middle elementor-section-boxed elementor-section-height-default elementor-section-height-default\" data-id=\"4da01c0e\" data-element_type=\"section\" data-settings=\"{&quot;background_background&quot;:&quot;classic&quot;}\">\n\t\t\t\t\t\t\t<div class=\"elementor-background-overlay\"><\/div>\n\t\t\t\t\t\t\t<div class=\"elementor-container elementor-column-gap-default\">\n\t\t\t\t\t<div class=\"elementor-column elementor-col-50 elementor-top-column elementor-element elementor-element-97457bd\" data-id=\"97457bd\" data-element_type=\"column\">\n\t\t\t<div class=\"elementor-widget-wrap elementor-element-populated\">\n\t\t\t\t\t\t<div class=\"elementor-element elementor-element-3152533a elementor-invisible elementor-widget elementor-widget-heading\" data-id=\"3152533a\" data-element_type=\"widget\" data-settings=\"{&quot;_animation&quot;:&quot;fadeInDown&quot;}\" data-widget_type=\"heading.default\">\n\t\t\t\t<div class=\"elementor-widget-container\">\n\t\t\t<h2 class=\"elementor-heading-title elementor-size-default\">O nama<\/h2>\t\t<\/div>\n\t\t\t\t<\/div>\n\t\t\t\t\t<\/div>\n\t\t<\/div>\n\t\t\t\t<div class=\"elementor-column elementor-col-50 elementor-top-column elementor-element elementor-element-302083fb\" data-id=\"302083fb\" data-element_type=\"column\">\n\t\t\t<div class=\"elementor-widget-wrap elementor-element-populated\">\n\t\t\t\t\t\t<div class=\"elementor-element elementor-element-368c5f44 elementor-icon-list--layout-inline elementor-align-right elementor-widget__width-auto elementor-list-item-link-full_width elementor-invisible elementor-widget elementor-widget-icon-list\" data-id=\"368c5f44\" data-element_type=\"widget\" data-settings=\"{&quot;_animation&quot;:&quot;fadeInRight&quot;}\" data-widget_type=\"icon-list.default\">\n\t\t\t\t<div class=\"elementor-widget-container\">\n\t\t\t\t\t<ul class=\"elementor-icon-list-items elementor-inline-items\">\n\t\t\t\t\t\t\t<li class=\"elementor-icon-list-item elementor-inline-item\">\n\t\t\t\t\t\t\t\t\t\t\t<a href=\"#\">\n\n\t\t\t\t\t\t\t\t\t\t\t\t<span class=\"elementor-icon-list-icon\">\n\t\t\t\t\t\t\t<i aria-hidden=\"true\" class=\"icomoon icomoon-home\"><\/i>\t\t\t\t\t\t<\/span>\n\t\t\t\t\t\t\t\t\t\t<span class=\"elementor-icon-list-text\">Dom<\/span>\n\t\t\t\t\t\t\t\t\t\t\t<\/a>\n\t\t\t\t\t\t\t\t\t<\/li>\n\t\t\t\t\t\t\t\t<li class=\"elementor-icon-list-item elementor-inline-item\">\n\t\t\t\t\t\t\t\t\t\t\t<span class=\"elementor-icon-list-icon\">\n\t\t\t\t\t\t\t<svg aria-hidden=\"true\" class=\"e-font-icon-svg e-fas-chevron-right\" viewbox=\"0 0 320 512\" xmlns=\"http:\/\/www.w3.org\/2000\/svg\"><path d=\"M285.476 272.971L91.132 467.314c-9.373 9.373-24.569 9.373-33.941 0l-22.667-22.667c-9.357-9.357-9.375-24.522-.04-33.901L188.505 256 34.484 101.255c-9.335-9.379-9.317-24.544.04-33.901l22.667-22.667c9.373-9.373 24.569-9.373 33.941 0L285.475 239.03c9.373 9.372 9.373 24.568.001 33.941z\"><\/path><\/svg>\t\t\t\t\t\t<\/span>\n\t\t\t\t\t\t\t\t\t\t<span class=\"elementor-icon-list-text\">O nama<\/span>\n\t\t\t\t\t\t\t\t\t<\/li>\n\t\t\t\t\t\t<\/ul>\n\t\t\t\t<\/div>\n\t\t\t\t<\/div>\n\t\t\t\t\t<\/div>\n\t\t<\/div>\n\t\t\t\t\t<\/div>\n\t\t<\/section>\n\t\t\t\t<section class=\"elementor-section elementor-top-section elementor-element elementor-element-9d5d3be elementor-section-boxed elementor-section-height-default elementor-section-height-default\" data-id=\"9d5d3be\" data-element_type=\"section\" data-settings=\"{&quot;background_background&quot;:&quot;classic&quot;}\">\n\t\t\t\t\t\t\t<div class=\"elementor-background-overlay\"><\/div>\n\t\t\t\t\t\t\t<div class=\"elementor-container elementor-column-gap-default\">\n\t\t\t\t\t<div class=\"elementor-column elementor-col-100 elementor-top-column elementor-element elementor-element-3ed9e8d0\" data-id=\"3ed9e8d0\" data-element_type=\"column\">\n\t\t\t<div class=\"elementor-widget-wrap elementor-element-populated\">\n\t\t\t\t\t\t<div class=\"elementor-element elementor-element-19e92b23 elementor-widget elementor-widget-text-editor\" data-id=\"19e92b23\" data-element_type=\"widget\" data-widget_type=\"text-editor.default\">\n\t\t\t\t<div class=\"elementor-widget-container\">\n\t\t\t\t\t\t\t<h1 style=\"text-align: left;\">Va\u0161 pouzdani partner u upravljanju nekretninama<\/h1><p style=\"text-align: left;\">Dobrodo\u0161li u <strong>Seaways Villas<\/strong>, dinami\u010dna turisti\u010dka agencija osnovana 2020. godine. Na\u0161a misija je jednostavna: povezati potrebe vlasnika vila sa sve ve\u0107im brojem turista koji biraju Istru kao svoju destinaciju. S modernim marketin\u0161kim strategijama, naprednim softverom i prakti\u010dnim iskustvom na terenu, cilj nam je postati vode\u0107a tvrtka za upravljanje nekretninama u Istri.<\/p><h3 style=\"text-align: left;\">Strast, vi\u0161ejezi\u010dna stru\u010dnost i posve\u0107enost detaljima<\/h3><p style=\"text-align: left;\">\u0160to nas izdvaja? Posve\u0107eni, vi\u0161ejezi\u010dni tim s razli\u010ditim vje\u0161tinama i zajedni\u010dkom stra\u0161\u0107u prema gostoprimstvu. Na\u0161a pozornost posve\u0107ena detaljima i predanost izvrsnosti poticali su na\u0161 rast iz godine u godinu. Vjerujemo da se uspjeh gradi na napornom radu, sna\u017enim odnosima i \u017eelji da se pru\u017ei najbolja mogu\u0107a usluga kako vlasnicima nekretnina tako i turistima.<\/p><h3 style=\"text-align: left;\">Iskustvo bez brige za vlasnike vila<\/h3><p style=\"text-align: left;\">Na <strong>Seaways Villas<\/strong>, na\u0161a vizija je biti glavna referenca za vlasnike vila u Istri. Nudimo sveobuhvatnu uslugu bez stresa koja pokriva sve\u2014od svakodnevnog upravljanja imovinom do besprijekornih rezervacija. \u017delimo da na\u0161i klijenti u\u017eivaju u svim prednostima svoje investicije bez ikakvih problema. Na\u0161 cilj nije samo pru\u017eiti uslugu; to je izgradnja dugotrajnih partnerstava temeljenih na povjerenju, transparentnosti i zajedni\u010dkom uspjehu.<\/p><h3 style=\"text-align: left;\">Transparentna i po\u0161tena naknada<\/h3><p style=\"text-align: left;\">Vjerujemo u jasan i izravan pristup kada je u pitanju naknada. Na\u0161a se zarada temelji na modelu podjele dobiti, \u0161to zna\u010di da imamo isti cilj kao i vlasnici vila: maksimiziranje prihoda od njihove imovine. Iskrenost i transparentnost u srcu su svakog odnosa koji gradimo, jer znamo da pravi uspjeh dolazi kada zajedno radimo na zajedni\u010dkom cilju.<\/p><h3 style=\"text-align: left;\">Za\u0161to odabrati nas?<\/h3><p style=\"text-align: left;\"><strong>Moderna marketin\u0161ka stru\u010dnost:<\/strong> Kori\u0161tenje najnovijih alata i strategija za promicanje va\u0161e nekretnine.<\/p><p style=\"text-align: left;\"><strong>Sveobuhvatne usluge:<\/strong> Od dnevnog upravljanja do rezervacija, bavimo se svakim detaljem.<\/p><p style=\"text-align: left;\"><strong>Vi\u0161ejezi\u010dni tim:<\/strong> Besprijekorna komunikacija s klijentima i turistima iz cijelog svijeta.<\/p><p style=\"text-align: left;\"><strong>Predanost uspjehu:<\/strong> Neumorno radimo na pove\u0107anju prihoda va\u0161e imovine, s va\u0161im ciljevima uvijek u prvom planu.<\/p><h3 style=\"text-align: left;\">Otklju\u010dajte potencijal<\/h3><p style=\"text-align: left;\">Dopustite nam da vam pomognemo da otklju\u010date puni potencijal svoje vile. Kontaktirajte nas ve\u0107 danas i otkrijte kako mo\u017eemo va\u0161u nekretninu u\u010diniti top destinacijom u Istri!<\/p>\t\t\t\t\t\t<\/div>\n\t\t\t\t<\/div>\n\t\t\t\t<div class=\"elementor-element elementor-element-85c5e42 elementor-tablet-align-center elementor-align-center elementor-widget elementor-widget-button\" data-id=\"85c5e42\" data-element_type=\"widget\" data-widget_type=\"button.default\">\n\t\t\t\t<div class=\"elementor-widget-container\">\n\t\t\t\t\t<div class=\"elementor-button-wrapper\">\n\t\t\t<a class=\"elementor-button elementor-button-link elementor-size-sm\" href=\"https:\/\/seawaysvillas.com\/hr\/kontaktirajte-nas\/\">\n\t\t\t\t\t\t<span class=\"elementor-button-content-wrapper\">\n\t\t\t\t\t\t\t\t\t<span class=\"elementor-button-text\">Kontaktirajte nas<\/span>\n\t\t\t\t\t<\/span>\n\t\t\t\t\t<\/a>\n\t\t<\/div>\n\t\t\t\t<\/div>\n\t\t\t\t<\/div>\n\t\t\t\t\t<\/div>\n\t\t<\/div>\n\t\t\t\t\t<\/div>\n\t\t<\/section>\n\t\t\t\t<section class=\"elementor-section elementor-top-section elementor-element elementor-element-7ee00c90 elementor-section-full_width elementor-section-height-default elementor-section-height-default\" data-id=\"7ee00c90\" data-element_type=\"section\" data-settings=\"{&quot;background_background&quot;:&quot;classic&quot;}\">\n\t\t\t\t\t\t<div class=\"elementor-container elementor-column-gap-default\">\n\t\t\t\t\t<div class=\"elementor-column elementor-col-50 elementor-top-column elementor-element elementor-element-84581af\" data-id=\"84581af\" data-element_type=\"column\">\n\t\t\t<div class=\"elementor-widget-wrap elementor-element-populated\">\n\t\t\t\t\t\t<section class=\"elementor-section elementor-inner-section elementor-element elementor-element-12bc2c92 elementor-section-boxed elementor-section-height-default elementor-section-height-default elementor-invisible\" data-id=\"12bc2c92\" data-element_type=\"section\" data-settings=\"{&quot;animation&quot;:&quot;fadeInLeft&quot;,&quot;background_background&quot;:&quot;classic&quot;}\">\n\t\t\t\t\t\t<div class=\"elementor-container elementor-column-gap-no\">\n\t\t\t\t\t<div class=\"elementor-column elementor-col-50 elementor-inner-column elementor-element elementor-element-2f3bcd4\" data-id=\"2f3bcd4\" data-element_type=\"column\">\n\t\t\t<div class=\"elementor-widget-wrap elementor-element-populated\">\n\t\t\t\t\t\t<div class=\"elementor-element elementor-element-2731cbe2 elementor-widget elementor-widget-image\" data-id=\"2731cbe2\" data-element_type=\"widget\" data-widget_type=\"image.default\">\n\t\t\t\t<div class=\"elementor-widget-container\">\n\t\t\t\t\t\t\t\t\t\t\t\t\t<img fetchpriority=\"high\" decoding=\"async\" width=\"999\" height=\"799\" src=\"https:\/\/seawaysvillas.com\/wp-content\/uploads\/2025\/01\/IMG_0764.webp\" class=\"attachment-full size-full wp-image-832\" alt=\"\" srcset=\"https:\/\/seawaysvillas.com\/wp-content\/uploads\/2025\/01\/IMG_0764.webp 999w, https:\/\/seawaysvillas.com\/wp-content\/uploads\/2025\/01\/IMG_0764-300x240.webp 300w, https:\/\/seawaysvillas.com\/wp-content\/uploads\/2025\/01\/IMG_0764-768x614.webp 768w, https:\/\/seawaysvillas.com\/wp-content\/uploads\/2025\/01\/IMG_0764-15x12.webp 15w\" sizes=\"(max-width: 999px) 100vw, 999px\" \/>\t\t\t\t\t\t\t\t\t\t\t\t\t<\/div>\n\t\t\t\t<\/div>\n\t\t\t\t\t<\/div>\n\t\t<\/div>\n\t\t\t\t<div class=\"elementor-column elementor-col-50 elementor-inner-column elementor-element elementor-element-4be25340\" data-id=\"4be25340\" data-element_type=\"column\">\n\t\t\t<div class=\"elementor-widget-wrap elementor-element-populated\">\n\t\t\t\t\t\t<div class=\"elementor-element elementor-element-3aaa86e5 elementor-widget elementor-widget-elementskit-heading\" data-id=\"3aaa86e5\" data-element_type=\"widget\" data-widget_type=\"elementskit-heading.default\">\n\t\t\t\t<div class=\"elementor-widget-container\">\n\t\t\t<div class=\"ekit-wid-con\" ><div class=\"ekit-heading elementskit-section-title-wraper text_left   ekit_heading_tablet-   ekit_heading_mobile-\"><h2 class=\"ekit-heading--title elementskit-section-title\">Danilo<\/h2>\t\t\t\t<div class='ekit-heading__description'>\n\t\t\t\t\t<p>Direktor \/ Osniva\u010d<\/p>\n\t\t\t\t<\/div>\n\t\t\t<\/div><\/div>\t\t<\/div>\n\t\t\t\t<\/div>\n\t\t\t\t<div class=\"elementor-element elementor-element-7b345c65 elementor-widget-divider--view-line elementor-widget elementor-widget-divider\" data-id=\"7b345c65\" data-element_type=\"widget\" data-widget_type=\"divider.default\">\n\t\t\t\t<div class=\"elementor-widget-container\">\n\t\t\t\t\t<div class=\"elementor-divider\">\n\t\t\t<span class=\"elementor-divider-separator\">\n\t\t\t\t\t\t<\/span>\n\t\t<\/div>\n\t\t\t\t<\/div>\n\t\t\t\t<\/div>\n\t\t\t\t<div class=\"elementor-element elementor-element-65bc9023 elementor-widget elementor-widget-text-editor\" data-id=\"65bc9023\" data-element_type=\"widget\" data-widget_type=\"text-editor.default\">\n\t\t\t\t<div class=\"elementor-widget-container\">\n\t\t\t\t\t\t\t<p>S bogatim iskustvom u turizmu i upravljanju nekretninama, Danilo je suosniva\u010d tvrtke kako bi ponudio vrhunsku uslugu vlasnicima vila i gostima. Njegova strate\u0161ka vizija i nepokolebljiva predanost vode tim do uspjeha i iznimnog zadovoljstva kupaca.<\/p>\t\t\t\t\t\t<\/div>\n\t\t\t\t<\/div>\n\t\t\t\t\t<\/div>\n\t\t<\/div>\n\t\t\t\t\t<\/div>\n\t\t<\/section>\n\t\t\t\t\t<\/div>\n\t\t<\/div>\n\t\t\t\t<div class=\"elementor-column elementor-col-50 elementor-top-column elementor-element elementor-element-4ca7a3b6\" data-id=\"4ca7a3b6\" data-element_type=\"column\">\n\t\t\t<div class=\"elementor-widget-wrap elementor-element-populated\">\n\t\t\t\t\t\t<section class=\"elementor-section elementor-inner-section elementor-element elementor-element-8c7c0f1 elementor-section-boxed elementor-section-height-default elementor-section-height-default elementor-invisible\" data-id=\"8c7c0f1\" data-element_type=\"section\" data-settings=\"{&quot;animation&quot;:&quot;fadeInLeft&quot;,&quot;background_background&quot;:&quot;classic&quot;}\">\n\t\t\t\t\t\t<div class=\"elementor-container elementor-column-gap-no\">\n\t\t\t\t\t<div class=\"elementor-column elementor-col-50 elementor-inner-column elementor-element elementor-element-6255e6c4\" data-id=\"6255e6c4\" data-element_type=\"column\">\n\t\t\t<div class=\"elementor-widget-wrap elementor-element-populated\">\n\t\t\t\t\t\t<div class=\"elementor-element elementor-element-68bc0e40 elementor-widget elementor-widget-image\" data-id=\"68bc0e40\" data-element_type=\"widget\" data-widget_type=\"image.default\">\n\t\t\t\t<div class=\"elementor-widget-container\">\n\t\t\t\t\t\t\t\t\t\t\t\t\t<img decoding=\"async\" width=\"1000\" height=\"800\" src=\"https:\/\/seawaysvillas.com\/wp-content\/uploads\/2025\/01\/IMG_908.webp\" class=\"attachment-full size-full wp-image-831\" alt=\"\" srcset=\"https:\/\/seawaysvillas.com\/wp-content\/uploads\/2025\/01\/IMG_908.webp 1000w, https:\/\/seawaysvillas.com\/wp-content\/uploads\/2025\/01\/IMG_908-300x240.webp 300w, https:\/\/seawaysvillas.com\/wp-content\/uploads\/2025\/01\/IMG_908-768x614.webp 768w, https:\/\/seawaysvillas.com\/wp-content\/uploads\/2025\/01\/IMG_908-15x12.webp 15w\" sizes=\"(max-width: 1000px) 100vw, 1000px\" \/>\t\t\t\t\t\t\t\t\t\t\t\t\t<\/div>\n\t\t\t\t<\/div>\n\t\t\t\t\t<\/div>\n\t\t<\/div>\n\t\t\t\t<div class=\"elementor-column elementor-col-50 elementor-inner-column elementor-element elementor-element-604e9bc\" data-id=\"604e9bc\" data-element_type=\"column\">\n\t\t\t<div class=\"elementor-widget-wrap elementor-element-populated\">\n\t\t\t\t\t\t<div class=\"elementor-element elementor-element-47843f2 elementor-widget elementor-widget-elementskit-heading\" data-id=\"47843f2\" data-element_type=\"widget\" data-widget_type=\"elementskit-heading.default\">\n\t\t\t\t<div class=\"elementor-widget-container\">\n\t\t\t<div class=\"ekit-wid-con\" ><div class=\"ekit-heading elementskit-section-title-wraper text_left   ekit_heading_tablet-   ekit_heading_mobile-\"><h2 class=\"ekit-heading--title elementskit-section-title\">Maja<\/h2>\t\t\t\t<div class='ekit-heading__description'>\n\t\t\t\t\t<p>Upravitelj imovine<\/p>\n\t\t\t\t<\/div>\n\t\t\t<\/div><\/div>\t\t<\/div>\n\t\t\t\t<\/div>\n\t\t\t\t<div class=\"elementor-element elementor-element-681dd0b9 elementor-widget-divider--view-line elementor-widget elementor-widget-divider\" data-id=\"681dd0b9\" data-element_type=\"widget\" data-widget_type=\"divider.default\">\n\t\t\t\t<div class=\"elementor-widget-container\">\n\t\t\t\t\t<div class=\"elementor-divider\">\n\t\t\t<span class=\"elementor-divider-separator\">\n\t\t\t\t\t\t<\/span>\n\t\t<\/div>\n\t\t\t\t<\/div>\n\t\t\t\t<\/div>\n\t\t\t\t<div class=\"elementor-element elementor-element-62e3edc9 elementor-widget elementor-widget-text-editor\" data-id=\"62e3edc9\" data-element_type=\"widget\" data-widget_type=\"text-editor.default\">\n\t\t\t\t<div class=\"elementor-widget-container\">\n\t\t\t\t\t\t\t<p>Svojom o\u0161trom pa\u017enjom za detalje i ljubavlju prema gostoprimstvu, Maja jam\u010di da je svaka vila besprijekorno pripremljena za goste. Ona komunicira s gostima, upravlja dnevnim operacijama i pridr\u017eava se najvi\u0161ih standarda odr\u017eavanja, osiguravaju\u0107i besprijekoran, gostoljubiv i udoban boravak.<\/p>\t\t\t\t\t\t<\/div>\n\t\t\t\t<\/div>\n\t\t\t\t\t<\/div>\n\t\t<\/div>\n\t\t\t\t\t<\/div>\n\t\t<\/section>\n\t\t\t\t\t<\/div>\n\t\t<\/div>\n\t\t\t\t\t<\/div>\n\t\t<\/section>\n\t\t\t\t<\/div>","protected":false},"excerpt":{"rendered":"<p>ABOUT US Home About us Your Trusted Partner in Property Management Welcome to Seaways Villas, a dynamic tourism agency founded in 2020. Our mission is simple: to connect the needs of villa owners with the growing number of tourists who choose Istria as their destination. With modern marketing strategies, advanced software, and hands-on field experience, [&hellip;]<\/p>","protected":false},"author":1,"featured_media":252,"parent":0,"menu_order":0,"comment_status":"closed","ping_status":"closed","template":"elementor_header_footer","meta":{"footnotes":""},"class_list":["post-165","page","type-page","status-publish","has-post-thumbnail","hentry"],"_links":{"self":[{"href":"https:\/\/seawaysvillas.com\/hr\/wp-json\/wp\/v2\/pages\/165","targetHints":{"allow":["GET"]}}],"collection":[{"href":"https:\/\/seawaysvillas.com\/hr\/wp-json\/wp\/v2\/pages"}],"about":[{"href":"https:\/\/seawaysvillas.com\/hr\/wp-json\/wp\/v2\/types\/page"}],"author":[{"embeddable":true,"href":"https:\/\/seawaysvillas.com\/hr\/wp-json\/wp\/v2\/users\/1"}],"replies":[{"embeddable":true,"href":"https:\/\/seawaysvillas.com\/hr\/wp-json\/wp\/v2\/comments?post=165"}],"version-history":[{"count":67,"href":"https:\/\/seawaysvillas.com\/hr\/wp-json\/wp\/v2\/pages\/165\/revisions"}],"predecessor-version":[{"id":836,"href":"https:\/\/seawaysvillas.com\/hr\/wp-json\/wp\/v2\/pages\/165\/revisions\/836"}],"wp:featuredmedia":[{"embeddable":true,"href":"https:\/\/seawaysvillas.com\/hr\/wp-json\/wp\/v2\/media\/252"}],"wp:attachment":[{"href":"https:\/\/seawaysvillas.com\/hr\/wp-json\/wp\/v2\/media?parent=165"}],"curies":[{"name":"wp","href":"https:\/\/api.w.org\/{rel}","templated":true}]}}