{"id":672,"date":"2024-10-11T18:53:37","date_gmt":"2024-10-11T18:53:37","guid":{"rendered":"https:\/\/seawaysvillas.com\/?page_id=672"},"modified":"2024-10-11T18:55:00","modified_gmt":"2024-10-11T18:55:00","slug":"privacy-policy-2","status":"publish","type":"page","link":"https:\/\/seawaysvillas.com\/hr\/politika-privatnosti-2\/","title":{"rendered":"Politika privatnosti"},"content":{"rendered":"<div data-elementor-type=\"wp-page\" data-elementor-id=\"672\" class=\"elementor elementor-672\" data-elementor-post-type=\"page\">\n\t\t\t\t<div class=\"elementor-element elementor-element-0c26219 e-flex e-con-boxed e-con e-parent\" data-id=\"0c26219\" data-element_type=\"container\">\n\t\t\t\t\t<div class=\"e-con-inner\">\n\t\t\t\t<div class=\"elementor-element elementor-element-a08711b elementor-widget elementor-widget-heading\" data-id=\"a08711b\" data-element_type=\"widget\" data-widget_type=\"heading.default\">\n\t\t\t\t<div class=\"elementor-widget-container\">\n\t\t\t<h1 class=\"elementor-heading-title elementor-size-default\">Pravila o privatnosti<\/h1>\t\t<\/div>\n\t\t\t\t<\/div>\n\t\t\t\t<div class=\"elementor-element elementor-element-ef78369 elementor-widget elementor-widget-text-editor\" data-id=\"ef78369\" data-element_type=\"widget\" data-widget_type=\"text-editor.default\">\n\t\t\t\t<div class=\"elementor-widget-container\">\n\t\t\t\t\t\t\t<h3><b>Uvod<\/b><\/h3><p><span style=\"font-weight: 400;\">Na <\/span><b>Seaways Villas d.o.o<\/b><span style=\"font-weight: 400;\">, predani smo za\u0161titi i po\u0161tivanju va\u0161e privatnosti. Ova Pravila o privatnosti obja\u0161njavaju kako prikupljamo, koristimo i \u0161titimo va\u0161e osobne podatke kada posjetite na\u0161u web stranicu, <\/span><b>seawaysvillas.com<\/b><span style=\"font-weight: 400;\">. Kori\u0161tenjem na\u0161e web stranice pristajete na prikupljanje i kori\u0161tenje informacija u skladu s ovom politikom, koja je u skladu s <\/span><b>Hrvatski zakoni o za\u0161titi podataka<\/b><span style=\"font-weight: 400;\"> i <\/span><b>Op\u0107a uredba o za\u0161titi podataka (GDPR)<\/b><span style=\"font-weight: 400;\">.<\/span><\/p><h3><b>1. Podaci koje prikupljamo<\/b><\/h3><p><span style=\"font-weight: 400;\">Prikupljamo i obra\u0111ujemo sljede\u0107e vrste osobnih podataka:<\/span><\/p><ul><li style=\"font-weight: 400;\" aria-level=\"1\"><b>Osobni identifikacijski podaci<\/b><span style=\"font-weight: 400;\">: ime, adresa e-po\u0161te, telefonski broj ili bilo koja druga informacija koju navedete prilikom ispunjavanja obrazaca ili kontaktiranja s nama.<\/span><\/li><li style=\"font-weight: 400;\" aria-level=\"1\"><b>Tehni\u010dki podaci<\/b><span style=\"font-weight: 400;\">: IP adresa, vrsta preglednika i pojedinosti o operativnom sustavu.<\/span><\/li><li style=\"font-weight: 400;\" aria-level=\"1\"><b>Podaci o kori\u0161tenju<\/b><span style=\"font-weight: 400;\">: informacije o va\u0161im interakcijama s na\u0161im web mjestom, kao \u0161to su pregledane stranice i kliknuti poveznice.<\/span><\/li><li style=\"font-weight: 400;\" aria-level=\"1\"><b>Podaci o kola\u010di\u0107ima<\/b><span style=\"font-weight: 400;\">: podaci prikupljeni putem kola\u010di\u0107a i sli\u010dnih tehnologija pra\u0107enja.<\/span><\/li><\/ul><h3><b>2. Kako koristimo va\u0161e podatke<\/b><\/h3><p><span style=\"font-weight: 400;\">Va\u0161e podatke mo\u017eemo koristiti u sljede\u0107e svrhe:<\/span><\/p><ul><li style=\"font-weight: 400;\" aria-level=\"1\"><b>Za pru\u017eanje usluga i odgovaranje na upite<\/b><span style=\"font-weight: 400;\">.<\/span><\/li><li style=\"font-weight: 400;\" aria-level=\"1\"><b>Za pobolj\u0161anje na\u0161e web stranice<\/b><span style=\"font-weight: 400;\"> analizom pona\u0161anja i preferencija korisnika.<\/span><\/li><li style=\"font-weight: 400;\" aria-level=\"1\"><b>Da komuniciram s vama<\/b><span style=\"font-weight: 400;\"> u vezi s uslugama, ponudama ili novostima.<\/span><\/li><li style=\"font-weight: 400;\" aria-level=\"1\"><b>Za po\u0161tivanje zakonskih obveza<\/b><span style=\"font-weight: 400;\"> prema hrvatskim zakonima i GDPR-u.<\/span><\/li><\/ul><h3><b>3. Kola\u010di\u0107i<\/b><\/h3><p><span style=\"font-weight: 400;\">Na\u0161a web stranica koristi kola\u010di\u0107e za pobolj\u0161anje va\u0161eg iskustva. Kola\u010di\u0107i su male tekstualne datoteke pohranjene na va\u0161em ure\u0111aju koje nam poma\u017eu zapamtiti postavke i pratiti kako posjetitelji stupaju u interakciju s na\u0161om stranicom. Kola\u010di\u0107ima mo\u017eete upravljati ili onemogu\u0107iti putem postavki preglednika ili na\u0161eg <\/span><b>Alat za pristanak na kola\u010di\u0107e<\/b><span style=\"font-weight: 400;\">.<\/span><\/p><h4><b>Vrste kola\u010di\u0107a koje koristimo:<\/b><\/h4><ul><li style=\"font-weight: 400;\" aria-level=\"1\"><b>Osnovni kola\u010di\u0107i<\/b><span style=\"font-weight: 400;\">: Potrebno za ispravno funkcioniranje web stranice.<\/span><\/li><li style=\"font-weight: 400;\" aria-level=\"1\"><b>Kola\u010di\u0107i izvedbe<\/b><span style=\"font-weight: 400;\">: Pomozite nam analizirati kori\u0161tenje i izvedbu web stranice.<\/span><\/li><li style=\"font-weight: 400;\" aria-level=\"1\"><b>Funkcionalni kola\u010di\u0107i<\/b><span style=\"font-weight: 400;\">: Zapamtite svoje postavke (npr. postavke jezika).<\/span><\/li><li style=\"font-weight: 400;\" aria-level=\"1\"><b>Ciljanje kola\u010di\u0107a<\/b><span style=\"font-weight: 400;\">: Koristi se za marketing i personalizirano ogla\u0161avanje.<\/span><\/li><\/ul><p><span style=\"font-weight: 400;\">Imate pravo prihvatiti ili odbiti nebitne kola\u010di\u0107e. Saznajte vi\u0161e u na\u0161em <\/span><span style=\"font-weight: 400;\">[LINK: Pravila o kola\u010di\u0107ima]<\/span><span style=\"font-weight: 400;\"> i upravljati preferencijama putem na\u0161eg <\/span><b>Alat za pristanak na kola\u010di\u0107e<\/b><span style=\"font-weight: 400;\">.<\/span><\/p><h3><b>4. Usluge tre\u0107ih strana<\/b><\/h3><p><span style=\"font-weight: 400;\">Mo\u017eemo sura\u0111ivati s pru\u017eateljima usluga tre\u0107ih strana, kao \u0161to su analiti\u010dki alati ili ogla\u0161iva\u010dke mre\u017ee, koji nam poma\u017eu upravljati na\u0161im web mjestom i pratiti izvedbu. Te tre\u0107e strane mogu imati pristup va\u0161im osobnim podacima, ali su du\u017ene postupati s va\u0161im podacima u skladu s GDPR-om i hrvatskim zakonima.<\/span><\/p><h3><b>5. Sigurnost podataka<\/b><\/h3><p><span style=\"font-weight: 400;\">Poduzimamo odgovaraju\u0107e sigurnosne mjere kako bismo za\u0161titili va\u0161e osobne podatke od neovla\u0161tenog pristupa, izmjene ili otkrivanja. Iako nastojimo za\u0161tititi va\u0161e podatke, imajte na umu da nijedna metoda internetskog prijenosa ili elektroni\u010dke pohrane nije potpuno sigurna.<\/span><\/p><h3><b>6. Va\u0161a prava prema GDPR-u<\/b><\/h3><p><span style=\"font-weight: 400;\">Kao stanovnik Hrvatske ili EU imate sljede\u0107a prava u vezi sa svojim osobnim podacima:<\/span><\/p><ul><li style=\"font-weight: 400;\" aria-level=\"1\"><b>Pravo pristupa<\/b><span style=\"font-weight: 400;\">: Mo\u017eete zatra\u017eiti informacije o tome kako postupamo s va\u0161im podacima i zatra\u017eiti kopiju.<\/span><\/li><li style=\"font-weight: 400;\" aria-level=\"1\"><b>Pravo na ispravak<\/b><span style=\"font-weight: 400;\">: Mo\u017eete tra\u017eiti da ispravimo sve neto\u010dne ili nepotpune informacije.<\/span><\/li><li style=\"font-weight: 400;\" aria-level=\"1\"><b>Pravo na brisanje (\u201epravo na zaborav\u201c)<\/b><span style=\"font-weight: 400;\">: Mo\u017eete zatra\u017eiti brisanje svojih podataka, pod odre\u0111enim uvjetima.<\/span><\/li><li style=\"font-weight: 400;\" aria-level=\"1\"><b>Pravo na ograni\u010denje obrade<\/b><span style=\"font-weight: 400;\">: Mo\u017eete zatra\u017eiti od nas da ograni\u010dimo obradu Va\u0161ih podataka.<\/span><\/li><li style=\"font-weight: 400;\" aria-level=\"1\"><b>Pravo na prenosivost podataka<\/b><span style=\"font-weight: 400;\">: Mo\u017eete zatra\u017eiti primanje svojih podataka u strukturiranom, uobi\u010dajeno kori\u0161tenom formatu.<\/span><\/li><li style=\"font-weight: 400;\" aria-level=\"1\"><b>Pravo na prigovor<\/b><span style=\"font-weight: 400;\">: Mo\u017eete se usprotiviti obradi Va\u0161ih osobnih podataka u svrhu izravnog marketinga.<\/span><\/li><\/ul><p><span style=\"font-weight: 400;\">Za ostvarivanje ovih prava kontaktirajte nas na hello@seawaysvillas.com. Tako\u0111er imate pravo podnijeti pritu\u017ebu kod <\/span><b>Agencija za za\u0161titu osobnih podataka (AZOP)<\/b><span style=\"font-weight: 400;\"> ako smatrate da se s va\u0161im podacima pogre\u0161no postupalo.<\/span><\/p><h3><b>7. Zadr\u017eavanje podataka<\/b><\/h3><p><span style=\"font-weight: 400;\">Zadr\u017eat \u0107emo va\u0161e osobne podatke onoliko dugo koliko je potrebno za ispunjenje svrha navedenih u ovoj Politici privatnosti ili u skladu s hrvatskim zakonom. Kada podaci vi\u0161e nisu potrebni, bit \u0107e sigurno izbrisani ili anonimizirani.<\/span><\/p><h3><b>8. Promjene ove Politike privatnosti<\/b><\/h3><p><span style=\"font-weight: 400;\">Zadr\u017eavamo pravo izmjene ove Politike privatnosti u bilo kojem trenutku. Sve promjene bit \u0107e objavljene na ovoj stranici, a zna\u010dajna a\u017euriranja bit \u0107e priop\u0107ena putem e-po\u0161te. Redovito provjeravajte ovu stranicu kako biste bili informirani o svim promjenama.<\/span><\/p><h3><b>9. Kontaktirajte nas<\/b><\/h3><p><span style=\"font-weight: 400;\">Ako imate bilo kakvih pitanja ili nedoumica u vezi s ovom Politikom privatnosti ili na\u010dinom na koji postupamo s va\u0161im osobnim podacima, kontaktirajte nas:<\/span><\/p><p><b>Seaways Villas d.o.o<\/b><b><br \/><\/b><span style=\"font-weight: 400;\">Email: <\/span><b>hello@seawaysvillas.com<\/b><span style=\"font-weight: 400;\"><br \/><\/span><span style=\"font-weight: 400;\">Adresa: <\/span><b>Pusta 5\/A, Rovinj, Hrvatska<\/b><\/p>\t\t\t\t\t\t<\/div>\n\t\t\t\t<\/div>\n\t\t\t\t\t<\/div>\n\t\t\t\t<\/div>\n\t\t\t\t<\/div>","protected":false},"excerpt":{"rendered":"<p>Privacy Policy Introduction At Seaways Villas d.o.o., we are committed to protecting and respecting your privacy. This Privacy Policy explains how we collect, use, and protect your personal information when you visit our website, seawaysvillas.com. By using our website, you agree to the collection and use of information in accordance with this policy, which complies [&hellip;]<\/p>","protected":false},"author":1,"featured_media":0,"parent":0,"menu_order":0,"comment_status":"closed","ping_status":"closed","template":"elementor_header_footer","meta":{"footnotes":""},"class_list":["post-672","page","type-page","status-publish","hentry"],"_links":{"self":[{"href":"https:\/\/seawaysvillas.com\/hr\/wp-json\/wp\/v2\/pages\/672","targetHints":{"allow":["GET"]}}],"collection":[{"href":"https:\/\/seawaysvillas.com\/hr\/wp-json\/wp\/v2\/pages"}],"about":[{"href":"https:\/\/seawaysvillas.com\/hr\/wp-json\/wp\/v2\/types\/page"}],"author":[{"embeddable":true,"href":"https:\/\/seawaysvillas.com\/hr\/wp-json\/wp\/v2\/users\/1"}],"replies":[{"embeddable":true,"href":"https:\/\/seawaysvillas.com\/hr\/wp-json\/wp\/v2\/comments?post=672"}],"version-history":[{"count":4,"href":"https:\/\/seawaysvillas.com\/hr\/wp-json\/wp\/v2\/pages\/672\/revisions"}],"predecessor-version":[{"id":676,"href":"https:\/\/seawaysvillas.com\/hr\/wp-json\/wp\/v2\/pages\/672\/revisions\/676"}],"wp:attachment":[{"href":"https:\/\/seawaysvillas.com\/hr\/wp-json\/wp\/v2\/media?parent=672"}],"curies":[{"name":"wp","href":"https:\/\/api.w.org\/{rel}","templated":true}]}}