{"id":677,"date":"2024-10-11T19:36:32","date_gmt":"2024-10-11T19:36:32","guid":{"rendered":"https:\/\/seawaysvillas.com\/?page_id=677"},"modified":"2024-10-11T19:36:34","modified_gmt":"2024-10-11T19:36:34","slug":"cookie-policy","status":"publish","type":"page","link":"https:\/\/seawaysvillas.com\/hr\/politika-kolacica\/","title":{"rendered":"politika kola\u010di\u0107a"},"content":{"rendered":"<div data-elementor-type=\"wp-page\" data-elementor-id=\"677\" class=\"elementor elementor-677\" data-elementor-post-type=\"page\">\n\t\t\t\t<div class=\"elementor-element elementor-element-93e83dd e-flex e-con-boxed e-con e-parent\" data-id=\"93e83dd\" data-element_type=\"container\">\n\t\t\t\t\t<div class=\"e-con-inner\">\n\t\t\t\t<div class=\"elementor-element elementor-element-9b41c8e elementor-widget elementor-widget-text-editor\" data-id=\"9b41c8e\" data-element_type=\"widget\" data-widget_type=\"text-editor.default\">\n\t\t\t\t<div class=\"elementor-widget-container\">\n\t\t\t\t\t\t\t<h2><b>Politika kola\u010di\u0107a<\/b><\/h2><h3><b>Uvod<\/b><\/h3><p><span style=\"font-weight: 400;\">Ova Pravila o kola\u010di\u0107ima obja\u0161njavaju kako Seaways Villas doo (&quot;mi&quot;, &quot;nas&quot; ili &quot;na\u0161&quot;) koristi kola\u010di\u0107e i sli\u010dne tehnologije kako bi vas prepoznali kada posjetite na\u0161u web stranicu, seawaysvillas.com (&quot;web stranica&quot;). Obja\u0161njava koje su to tehnologije, za\u0161to ih koristimo i va\u0161a prava da kontrolirate njihovu upotrebu.<\/span><\/p><p><span style=\"font-weight: 400;\">Nastavkom pregledavanja ili kori\u0161tenja na\u0161e web stranice pristajete na kori\u0161tenje kola\u010di\u0107a kako je opisano u ovim pravilima.<\/span><\/p><h3><b>1. \u0160to su kola\u010di\u0107i?<\/b><\/h3><p><span style=\"font-weight: 400;\">Kola\u010di\u0107i su male tekstualne datoteke koje se pohranjuju na va\u0161 ure\u0111aj (ra\u010dunalo, tablet, pametni telefon) kada posjetite web stranicu. Oni poma\u017eu web stranicama da upamte odre\u0111ene informacije o va\u0161em posjetu, kao \u0161to je \u017eeljeni jezik, kako bi va\u0161 sljede\u0107i posjet bio lak\u0161i i korisniji.<\/span><\/p><p><span style=\"font-weight: 400;\">Postoje dvije glavne vrste kola\u010di\u0107a:<\/span><\/p><ul><li style=\"font-weight: 400;\" aria-level=\"1\"><b>Sesijski kola\u010di\u0107i<\/b><span style=\"font-weight: 400;\">: Privremeni kola\u010di\u0107i koji se bri\u0161u kada zatvorite preglednik.<\/span><\/li><li style=\"font-weight: 400;\" aria-level=\"1\"><b>Trajni kola\u010di\u0107i<\/b><span style=\"font-weight: 400;\">: Kola\u010di\u0107i koji ostaju na va\u0161em ure\u0111aju odre\u0111eni period ili dok ih ne izbri\u0161ete.<\/span><\/li><\/ul><h3><b>2. Za\u0161to koristimo kola\u010di\u0107e<\/b><\/h3><p><span style=\"font-weight: 400;\">Kola\u010di\u0107e koristimo iz nekoliko razloga:<\/span><\/p><ul><li style=\"font-weight: 400;\" aria-level=\"1\"><b>Osnovni kola\u010di\u0107i<\/b><span style=\"font-weight: 400;\">: One su neophodne kako bismo vam pru\u017eili usluge dostupne na na\u0161em web-mjestu i koristili neke od njegovih zna\u010dajki. Bez ovih kola\u010di\u0107a neki dijelovi web stranice ne bi ispravno funkcionirali.<\/span><\/li><li style=\"font-weight: 400;\" aria-level=\"1\"><b>Kola\u010di\u0107i izvedbe<\/b><span style=\"font-weight: 400;\">: Ovi kola\u010di\u0107i nam poma\u017eu razumjeti kako posjetitelji stupaju u interakciju s na\u0161om web stranicom anonimnim prikupljanjem i prijavljivanjem informacija. Omogu\u0107uju nam da pobolj\u0161amo korisni\u010dko iskustvo i izvedbu web stranice.<\/span><\/li><li style=\"font-weight: 400;\" aria-level=\"1\"><b>Funkcionalni kola\u010di\u0107i<\/b><span style=\"font-weight: 400;\">: Ovi kola\u010di\u0107i omogu\u0107uju web stranici da pamti odabire koje napravite (npr. jezi\u010dne postavke) i pru\u017eaju pobolj\u0161ane zna\u010dajke za pobolj\u0161anje va\u0161eg iskustva.<\/span><\/li><li style=\"font-weight: 400;\" aria-level=\"1\"><b>Kola\u010di\u0107i za ciljanje ili ogla\u0161avanje<\/b><span style=\"font-weight: 400;\">: Ovi se kola\u010di\u0107i koriste za isporuku oglasa koji su relevantniji za vas i va\u0161e interese. Tako\u0111er ograni\u010davaju koliko puta vidite oglas i poma\u017eu u mjerenju u\u010dinkovitosti reklamnih kampanja.<\/span><\/li><\/ul><h3><b>3. Vrste kola\u010di\u0107a koje koristimo<\/b><\/h3><table><tbody><tr><td><p><b>Vrsta kola\u010di\u0107a<\/b><\/p><\/td><td><p><b>Svrha<\/b><\/p><\/td><td><p><b>Trajanje<\/b><\/p><\/td><\/tr><tr><td><p><b>Osnovni kola\u010di\u0107i<\/b><\/p><\/td><td><p><span style=\"font-weight: 400;\">Osigurajte funkcionalnost web stranice (npr. prijava, ko\u0161arica za kupnju)<\/span><\/p><\/td><td><p><span style=\"font-weight: 400;\">Sesijski ili postojani<\/span><\/p><\/td><\/tr><tr><td><p><b>Kola\u010di\u0107i izvedbe<\/b><\/p><\/td><td><p><span style=\"font-weight: 400;\">Prikupite anonimne podatke za analizu kori\u0161tenja i pobolj\u0161anje performansi<\/span><\/p><\/td><td><p><span style=\"font-weight: 400;\">Uporan<\/span><\/p><\/td><\/tr><tr><td><p><b>Funkcionalni kola\u010di\u0107i<\/b><\/p><\/td><td><p><span style=\"font-weight: 400;\">Zapamtite svoje postavke i postavke (npr. jezik, regija)<\/span><\/p><\/td><td><p><span style=\"font-weight: 400;\">Uporan<\/span><\/p><\/td><\/tr><tr><td><p><b>Ciljanje kola\u010di\u0107a<\/b><\/p><\/td><td><p><span style=\"font-weight: 400;\">Pratite navike pregledavanja kako biste isporu\u010dili prilago\u0111ene oglase<\/span><\/p><\/td><td><p><span style=\"font-weight: 400;\">Uporan<\/span><\/p><\/td><\/tr><\/tbody><\/table><h3><b>4. Kola\u010di\u0107i tre\u0107e strane<\/b><\/h3><p><span style=\"font-weight: 400;\">Uz vlastite kola\u010di\u0107e, tako\u0111er mo\u017eemo koristiti kola\u010di\u0107e tre\u0107ih strana (kao \u0161to su Google Analytics, Facebook ili drugi ogla\u0161iva\u010di) za izvje\u0161\u0107ivanje o statistici kori\u0161tenja web stranice, isporuku oglasa i razumijevanje pona\u0161anja korisnika na razli\u010ditim platformama.<\/span><\/p><p><span style=\"font-weight: 400;\">Kola\u010di\u0107i tre\u0107ih strana podlije\u017eu odgovaraju\u0107im pravilima o privatnosti ovih vanjskih usluga.<\/span><\/p><h3><b>5. Suglasnost za kola\u010di\u0107e<\/b><\/h3><p><span style=\"font-weight: 400;\">Kada prvi put posjetite na\u0161u web stranicu, vidjet \u0107ete a <\/span><b>Banner pristanka na kola\u010di\u0107e<\/b><span style=\"font-weight: 400;\"> koji vas obavje\u0161tava o kori\u0161tenju kola\u010di\u0107a. Mo\u017eete odabrati sljede\u0107e:<\/span><\/p><ul><li style=\"font-weight: 400;\" aria-level=\"1\"><b>Prihvati sve kola\u010di\u0107e<\/b><span style=\"font-weight: 400;\">: Omogu\u0107uje nam postavljanje svih vrsta kola\u010di\u0107a na va\u0161 ure\u0111aj.<\/span><\/li><li style=\"font-weight: 400;\" aria-level=\"1\"><b>Odbijte sve nebitne kola\u010di\u0107e<\/b><span style=\"font-weight: 400;\">: Bit \u0107e postavljeni samo bitni kola\u010di\u0107i potrebni za funkcioniranje web stranice.<\/span><\/li><li style=\"font-weight: 400;\" aria-level=\"1\"><b>Prilagodite postavke kola\u010di\u0107a<\/b><span style=\"font-weight: 400;\">: Odaberite vrste kola\u010di\u0107a na koje pristajete na temelju svojih preferencija.<\/span><\/li><\/ul><p><span style=\"font-weight: 400;\">Tako\u0111er mo\u017eete povu\u0107i svoj pristanak u bilo kojem trenutku upravljanjem postavkama kola\u010di\u0107a putem na\u0161eg <\/span><b>Alat za pristanak na kola\u010di\u0107e<\/b><span style=\"font-weight: 400;\"> ili putem postavki preglednika.<\/span><\/p><h3><b>6. Kako kontrolirati kola\u010di\u0107e<\/b><\/h3><p><span style=\"font-weight: 400;\">Kola\u010di\u0107e mo\u017eete kontrolirati i upravljati njima na razli\u010dite na\u010dine:<\/span><\/p><ul><li style=\"font-weight: 400;\" aria-level=\"1\"><b>Postavke preglednika<\/b><span style=\"font-weight: 400;\">: Ve\u0107ina web preglednika omogu\u0107uje vam upravljanje postavkama kola\u010di\u0107a putem njihovih postavki. Mo\u017eete blokirati ili izbrisati kola\u010di\u0107e, ali imajte na umu da to mo\u017ee utjecati na va\u0161e iskustvo na na\u0161oj web stranici.<\/span><\/li><li style=\"font-weight: 400;\" aria-level=\"1\"><b>Isklju\u010divanja tre\u0107ih strana<\/b><span style=\"font-weight: 400;\">: Mo\u017eete se isklju\u010diti iz ciljanog ogla\u0161avanja s mre\u017ea tre\u0107ih strana, kao \u0161to su Google i Facebook, tako da posjetite njihove stranice za isklju\u010divanje.<\/span><\/li><li style=\"font-weight: 400;\" aria-level=\"1\"><b>Alat za pristanak na kola\u010di\u0107e<\/b><span style=\"font-weight: 400;\">: Mo\u017eete promijeniti svoje postavke ili povu\u0107i privolu u bilo kojem trenutku putem na\u0161eg <\/span><b>Alat za pristanak na kola\u010di\u0107e<\/b><span style=\"font-weight: 400;\"> koji se nalazi na web stranici.<\/span><\/li><\/ul><h3><b>7. A\u017euriranja ovih Pravila o kola\u010di\u0107ima<\/b><\/h3><p><span style=\"font-weight: 400;\">S vremena na vrijeme mo\u017eemo a\u017eurirati ovu Politiku kola\u010di\u0107a kako bi odra\u017eavala promjene u tehnologiji, zakonu ili poslovnim operacijama. A\u017eurirana politika bit \u0107e objavljena na ovoj stranici, a o svim zna\u010dajnim promjenama bit \u0107emo obavije\u0161teni putem e-po\u0161te ili putem obavijesti na na\u0161oj web stranici.<\/span><\/p><h3><b>8. Kontaktirajte nas<\/b><\/h3><p><span style=\"font-weight: 400;\">Ako imate bilo kakvih pitanja o na\u0161em kori\u0161tenju kola\u010di\u0107a ili drugih tehnologija, obratite nam se:<\/span><\/p><p><b>Seaways Villas d.o.o<\/b><b><br \/><\/b><span style=\"font-weight: 400;\">E-po\u0161ta: hello@seawaysvillas.com<\/span><span style=\"font-weight: 400;\"><br \/><\/span><span style=\"font-weight: 400;\">Adresa: Pusta 5\/A, Rovinj, Hrvatska<\/span><\/p>\t\t\t\t\t\t<\/div>\n\t\t\t\t<\/div>\n\t\t\t\t\t<\/div>\n\t\t\t\t<\/div>\n\t\t\t\t<\/div>","protected":false},"excerpt":{"rendered":"<p>Cookie Policy Introduction This Cookie Policy explains how Seaways Villas d.o.o. (&#8220;we&#8221;, &#8220;us&#8221;, or &#8220;our&#8221;) uses cookies and similar technologies to recognize you when you visit our website, seawaysvillas.com (&#8220;Website&#8221;). It explains what these technologies are, why we use them, and your rights to control their use. By continuing to browse or use our Website, [&hellip;]<\/p>","protected":false},"author":1,"featured_media":0,"parent":0,"menu_order":0,"comment_status":"closed","ping_status":"closed","template":"elementor_header_footer","meta":{"footnotes":""},"class_list":["post-677","page","type-page","status-publish","hentry"],"_links":{"self":[{"href":"https:\/\/seawaysvillas.com\/hr\/wp-json\/wp\/v2\/pages\/677","targetHints":{"allow":["GET"]}}],"collection":[{"href":"https:\/\/seawaysvillas.com\/hr\/wp-json\/wp\/v2\/pages"}],"about":[{"href":"https:\/\/seawaysvillas.com\/hr\/wp-json\/wp\/v2\/types\/page"}],"author":[{"embeddable":true,"href":"https:\/\/seawaysvillas.com\/hr\/wp-json\/wp\/v2\/users\/1"}],"replies":[{"embeddable":true,"href":"https:\/\/seawaysvillas.com\/hr\/wp-json\/wp\/v2\/comments?post=677"}],"version-history":[{"count":4,"href":"https:\/\/seawaysvillas.com\/hr\/wp-json\/wp\/v2\/pages\/677\/revisions"}],"predecessor-version":[{"id":681,"href":"https:\/\/seawaysvillas.com\/hr\/wp-json\/wp\/v2\/pages\/677\/revisions\/681"}],"wp:attachment":[{"href":"https:\/\/seawaysvillas.com\/hr\/wp-json\/wp\/v2\/media?parent=677"}],"curies":[{"name":"wp","href":"https:\/\/api.w.org\/{rel}","templated":true}]}}